{"id":2,"date":"2026-03-13T11:22:39","date_gmt":"2026-03-13T10:22:39","guid":{"rendered":"http:\/\/svatbabudetakdoraz.cz\/?page_id=2"},"modified":"2026-04-10T16:23:32","modified_gmt":"2026-04-10T14:23:32","slug":"zkusebni-stranka","status":"publish","type":"page","link":"https:\/\/svatbabudetakdoraz.cz\/","title":{"rendered":""},"content":{"rendered":"\n<div class=\"wp-block-cover alignfull\" style=\"border-right-style:none;border-right-width:0px;border-bottom-color:#ba905e;border-bottom-width:0.8vh;border-left-style:none;border-left-width:0px;margin-top:0;margin-bottom:0;min-height:95vh;aspect-ratio:unset;\"><img loading=\"lazy\" decoding=\"async\" width=\"2560\" height=\"1709\" class=\"wp-block-cover__image-background wp-image-150 size-full\" alt=\"\" src=\"https:\/\/svatbabudetakdoraz.cz\/wp-content\/uploads\/2026\/03\/vojtrrr-scaled.webp\" style=\"object-position:49% 55%\" data-object-fit=\"cover\" data-object-position=\"49% 55%\" srcset=\"https:\/\/svatbabudetakdoraz.cz\/wp-content\/uploads\/2026\/03\/vojtrrr-scaled.webp 2560w, https:\/\/svatbabudetakdoraz.cz\/wp-content\/uploads\/2026\/03\/vojtrrr-300x200.webp 300w, https:\/\/svatbabudetakdoraz.cz\/wp-content\/uploads\/2026\/03\/vojtrrr-1024x684.webp 1024w, https:\/\/svatbabudetakdoraz.cz\/wp-content\/uploads\/2026\/03\/vojtrrr-768x513.webp 768w, https:\/\/svatbabudetakdoraz.cz\/wp-content\/uploads\/2026\/03\/vojtrrr-1536x1026.webp 1536w, https:\/\/svatbabudetakdoraz.cz\/wp-content\/uploads\/2026\/03\/vojtrrr-2048x1367.webp 2048w\" sizes=\"auto, (max-width: 2560px) 100vw, 2560px\" \/><span aria-hidden=\"true\" class=\"wp-block-cover__background has-background-dim-60 has-background-dim\" style=\"background-color:#212e25\"><\/span><div class=\"wp-block-cover__inner-container is-layout-constrained wp-block-cover-is-layout-constrained\">\n<h2 class=\"wp-block-heading has-text-align-center has-text-color has-link-color wp-elements-d7f2149dc06e0eba283bcb9486fc37b5\" style=\"color:#ba905e\"><span style=\"font-size:40px;\">Budeme se br\u00e1t!<\/span><\/h2>\n\n\n\n<div style=\"height:201px\" aria-hidden=\"true\" class=\"wp-block-spacer\"><\/div>\n\n\n\n<div class=\"wp-block-group is-vertical is-content-justification-center is-layout-flex wp-container-core-group-is-layout-81423f52 wp-block-group-is-layout-flex\">\n<h1 class=\"wp-block-heading has-text-align-center has-text-color has-link-color wp-elements-9cf7b1e4b4898ca0e7118b3b80557b09\" style=\"color:#ba905e;font-size:clamp(46.18px, 2.886rem + ((1vw - 3.2px) * 3.423), 90px);\">Eli\u0161ka a Vojta<\/h1>\n\n\n\n<p class=\"has-text-align-center has-text-color has-link-color wp-elements-6789e802f0e405fdf544de7df35a89f3\" style=\"color:#dad5c2;padding-top:0;padding-bottom:0;font-size:clamp(14px, 0.875rem + ((1vw - 3.2px) * 0.313), 18px);\">9. 5. 2026 v 14:00<br>Farma H\u00e1jenka &#8211; T\u0159emo\u0161n\u00e1 u Plzn\u011b<\/p>\n<\/div>\n\n\n\n<blockquote class=\"wp-block-quote is-style-plain is-layout-flow wp-block-quote-is-layout-flow\">\n<div style=\"height:29px\" aria-hidden=\"true\" class=\"wp-block-spacer\"><\/div>\n<\/blockquote>\n<\/div><\/div>\n\n\n\n<div class=\"wp-block-group is-vertical is-content-justification-center is-layout-flex wp-container-core-group-is-layout-4fe3b13b wp-block-group-is-layout-flex\" style=\"min-height:0px\">\n<div class=\"wp-block-group is-vertical is-content-justification-center is-layout-flex wp-container-core-group-is-layout-60bcdb28 wp-block-group-is-layout-flex\" style=\"min-height:0px;padding-top:var(--wp--preset--spacing--40);padding-bottom:var(--wp--preset--spacing--40)\">\n<div style=\"height:12px\" aria-hidden=\"true\" class=\"wp-block-spacer wp-container-content-cc4259ba\"><\/div>\n\n\n\n<h2 class=\"wp-block-heading has-text-align-center has-text-color has-link-color has-large-font-size wp-elements-7132dc98939dc573552d676ddd8e8cd9\" style=\"color:#212e25\">Program<\/h2>\n\n\n\n<figure class=\"wp-block-image aligncenter size-full is-resized\"><img loading=\"lazy\" decoding=\"async\" width=\"901\" height=\"78\" src=\"https:\/\/svatbabudetakdoraz.cz\/wp-content\/uploads\/2026\/03\/01-1.png\" alt=\"\" class=\"wp-image-246\" style=\"aspect-ratio:11.551867219917012;object-fit:cover;width:150px\" srcset=\"https:\/\/svatbabudetakdoraz.cz\/wp-content\/uploads\/2026\/03\/01-1.png 901w, https:\/\/svatbabudetakdoraz.cz\/wp-content\/uploads\/2026\/03\/01-1-300x26.png 300w, https:\/\/svatbabudetakdoraz.cz\/wp-content\/uploads\/2026\/03\/01-1-768x66.png 768w\" sizes=\"auto, (max-width: 901px) 100vw, 901px\" \/><\/figure>\n<\/div>\n<\/div>\n\n\n\n<div style=\"height:0px\" aria-hidden=\"true\" class=\"wp-block-spacer is-style-dots\"><\/div>\n\n\n\n<figure class=\"wp-block-table program is-style-regular\"><table style=\"border-width:3px\"><tbody><tr><td>12:30&nbsp;&#8211;&nbsp;13:30<\/td><td>P\u0159\u00edjezd<\/td><\/tr><tr><td>14:00&nbsp;&#8211;&nbsp;15:00<\/td><td>Ob\u0159ad<\/td><\/tr><tr><td>15:00 &#8211; 15:45<\/td><td>Focen\u00ed<\/td><\/tr><tr><td>16:00 &#8211; 17:30<\/td><td>P\u0159\u00edpitek a pol\u00e9vka + zah\u00e1jen\u00ed rautu<\/td><\/tr><tr><td>17:30<\/td><td>Nakrojen\u00ed dortu<\/td><\/tr><tr><td>18:00<\/td><td>Prvn\u00ed tanec<\/td><\/tr><tr><td>18:30 &#8211; 19:00<\/td><td>Hudba a tanec<\/td><\/tr><tr><td>19:00<\/td><td>Hry od sv\u011bdk\u016f<\/td><\/tr><tr><td><\/td><td>Afterparty<\/td><\/tr><\/tbody><\/table><\/figure>\n\n\n\n<div class=\"wp-block-group is-vertical is-content-justification-center is-layout-flex wp-container-core-group-is-layout-4fe3b13b wp-block-group-is-layout-flex\" style=\"min-height:0px\">\n<div class=\"wp-block-group is-vertical is-content-justification-center is-layout-flex wp-container-core-group-is-layout-60bcdb28 wp-block-group-is-layout-flex\" style=\"min-height:0px;padding-top:var(--wp--preset--spacing--40);padding-bottom:var(--wp--preset--spacing--40)\">\n<div style=\"height:12px\" aria-hidden=\"true\" class=\"wp-block-spacer wp-container-content-cc4259ba\"><\/div>\n\n\n\n<h2 class=\"wp-block-heading has-text-align-center has-text-color has-link-color has-large-font-size wp-elements-7576a99f04bb43662d8c93bf05f52514\" style=\"color:#212e25\">Doprava<\/h2>\n\n\n\n<figure class=\"wp-block-image aligncenter size-full is-resized\"><img loading=\"lazy\" decoding=\"async\" width=\"901\" height=\"78\" src=\"https:\/\/svatbabudetakdoraz.cz\/wp-content\/uploads\/2026\/03\/01-1.png\" alt=\"\" class=\"wp-image-246\" style=\"aspect-ratio:11.551867219917012;object-fit:cover;width:150px\" srcset=\"https:\/\/svatbabudetakdoraz.cz\/wp-content\/uploads\/2026\/03\/01-1.png 901w, https:\/\/svatbabudetakdoraz.cz\/wp-content\/uploads\/2026\/03\/01-1-300x26.png 300w, https:\/\/svatbabudetakdoraz.cz\/wp-content\/uploads\/2026\/03\/01-1-768x66.png 768w\" sizes=\"auto, (max-width: 901px) 100vw, 901px\" \/><\/figure>\n<\/div>\n<\/div>\n\n\n\n<p>Parkovac\u00ed m\u00edsta jsou p\u0159\u00edmo u farmy, ale popros\u00edme, abyste kdy\u017etak dojeli s co nejm\u00e9n\u011b auty. Pro plze\u0148sk\u00e9 jsou k svozu dispozici \u0159idi\u010di, sta\u010d\u00ed \u0159\u00edct \u010das ve kter\u00fd budete cht\u00edt vyzvednout.<br>D\u00e1le pro plze\u0148sk\u00e9 je zaji\u0161t\u011bn i \u0159idi\u010d zp\u00e1tky. Sta\u010d\u00ed si po ob\u0159adu \u0159\u00edct a doprava v\u00e1m bude za\u0159\u00edzena.<\/p>\n\n\n\n<div class=\"wp-block-group is-vertical is-content-justification-center is-layout-flex wp-container-core-group-is-layout-4fe3b13b wp-block-group-is-layout-flex\" style=\"min-height:0px\">\n<div class=\"wp-block-group is-vertical is-content-justification-center is-layout-flex wp-container-core-group-is-layout-60bcdb28 wp-block-group-is-layout-flex\" style=\"min-height:0px;padding-top:var(--wp--preset--spacing--40);padding-bottom:var(--wp--preset--spacing--40)\">\n<div style=\"height:12px\" aria-hidden=\"true\" class=\"wp-block-spacer wp-container-content-cc4259ba\"><\/div>\n\n\n\n<h2 class=\"wp-block-heading has-text-align-center has-text-color has-link-color has-large-font-size wp-elements-05baa403e853bf61e53dcc6bba19cb75\" style=\"color:#212e25\">Ob\u010derstven\u00ed<\/h2>\n\n\n\n<figure class=\"wp-block-image aligncenter size-full is-resized\"><img loading=\"lazy\" decoding=\"async\" width=\"901\" height=\"78\" src=\"https:\/\/svatbabudetakdoraz.cz\/wp-content\/uploads\/2026\/03\/01-1.png\" alt=\"\" class=\"wp-image-246\" style=\"aspect-ratio:11.551867219917012;object-fit:cover;width:150px\" srcset=\"https:\/\/svatbabudetakdoraz.cz\/wp-content\/uploads\/2026\/03\/01-1.png 901w, https:\/\/svatbabudetakdoraz.cz\/wp-content\/uploads\/2026\/03\/01-1-300x26.png 300w, https:\/\/svatbabudetakdoraz.cz\/wp-content\/uploads\/2026\/03\/01-1-768x66.png 768w\" sizes=\"auto, (max-width: 901px) 100vw, 901px\" \/><\/figure>\n<\/div>\n<\/div>\n\n\n\n<p>Za\u0159\u00edzeno p\u0159\u00edmo od Farmy H\u00e1jenka. T\u011b\u0161it se m\u016f\u017eete na v\u00fdb\u011br sal\u00e1t\u016f, masa a s\u00fdr\u016f. K pit\u00ed bude na v\u00fdb\u011br pivo, v\u00edno, p\u00e1lenka a nealkoholick\u00e9 pit\u00ed. Jestli m\u00e1te vlastn\u00ed touhu po n\u011b\u010dem specifick\u00e9m na pit\u00ed, m\u016f\u017eete si ho dov\u00e9zt.<\/p>\n\n\n\n<div class=\"wp-block-group is-vertical is-content-justification-center is-layout-flex wp-container-core-group-is-layout-4fe3b13b wp-block-group-is-layout-flex\" style=\"min-height:0px\">\n<div class=\"wp-block-group is-vertical is-content-justification-center is-layout-flex wp-container-core-group-is-layout-60bcdb28 wp-block-group-is-layout-flex\" style=\"min-height:0px;padding-top:var(--wp--preset--spacing--40);padding-bottom:var(--wp--preset--spacing--40)\">\n<div style=\"height:12px\" aria-hidden=\"true\" class=\"wp-block-spacer wp-container-content-cc4259ba\"><\/div>\n\n\n\n<h2 class=\"wp-block-heading has-text-align-center has-text-color has-link-color has-large-font-size wp-elements-0979e6ca62943c982dfd67af2cc172db\" style=\"color:#212e25\">Dress code<\/h2>\n\n\n\n<figure class=\"wp-block-image aligncenter size-full is-resized\"><img loading=\"lazy\" decoding=\"async\" width=\"901\" height=\"78\" src=\"https:\/\/svatbabudetakdoraz.cz\/wp-content\/uploads\/2026\/03\/01-1.png\" alt=\"\" class=\"wp-image-246\" style=\"aspect-ratio:11.551867219917012;object-fit:cover;width:150px\" srcset=\"https:\/\/svatbabudetakdoraz.cz\/wp-content\/uploads\/2026\/03\/01-1.png 901w, https:\/\/svatbabudetakdoraz.cz\/wp-content\/uploads\/2026\/03\/01-1-300x26.png 300w, https:\/\/svatbabudetakdoraz.cz\/wp-content\/uploads\/2026\/03\/01-1-768x66.png 768w\" sizes=\"auto, (max-width: 901px) 100vw, 901px\" \/><\/figure>\n<\/div>\n<\/div>\n\n\n\n<p>R\u00e1di bychom, kdyby se v\u0161ichni host\u00e9 zvl\u00e1dli sladit do na\u0161ich vysn\u011bn\u00fdch barev. P\u00e1n\u016fm je dovoleno m\u00edt \u010dernou barvu jako bonus.<br><\/p>\n\n\n\n<figure class=\"wp-block-image size-full\"><img loading=\"lazy\" decoding=\"async\" width=\"1540\" height=\"260\" src=\"https:\/\/svatbabudetakdoraz.cz\/wp-content\/uploads\/2026\/03\/paleta.png\" alt=\"\" class=\"wp-image-339\" srcset=\"https:\/\/svatbabudetakdoraz.cz\/wp-content\/uploads\/2026\/03\/paleta.png 1540w, https:\/\/svatbabudetakdoraz.cz\/wp-content\/uploads\/2026\/03\/paleta-300x51.png 300w, https:\/\/svatbabudetakdoraz.cz\/wp-content\/uploads\/2026\/03\/paleta-1024x173.png 1024w, https:\/\/svatbabudetakdoraz.cz\/wp-content\/uploads\/2026\/03\/paleta-768x130.png 768w, https:\/\/svatbabudetakdoraz.cz\/wp-content\/uploads\/2026\/03\/paleta-1536x259.png 1536w\" sizes=\"auto, (max-width: 1540px) 100vw, 1540px\" \/><\/figure>\n\n\n\n<p><br>\u017d\u00e1d\u00e1me o form\u00e1ln\u00ed oble\u010den\u00ed a obuv. Z\u00e1rove\u0148 ale po\u010d\u00edtejte i s t\u00edm, \u017ee se ob\u0159ad bude po\u0159\u00e1dat na louce u rybn\u00edka. P\u0159izp\u016fsobte tomu tedy svou obuv.<\/p>\n\n\n\n<div class=\"wp-block-group is-vertical is-content-justification-center is-layout-flex wp-container-core-group-is-layout-4fe3b13b wp-block-group-is-layout-flex\" style=\"min-height:0px\">\n<div class=\"wp-block-group is-vertical is-content-justification-center is-layout-flex wp-container-core-group-is-layout-60bcdb28 wp-block-group-is-layout-flex\" style=\"min-height:0px;padding-top:var(--wp--preset--spacing--40);padding-bottom:var(--wp--preset--spacing--40)\">\n<div style=\"height:12px\" aria-hidden=\"true\" class=\"wp-block-spacer wp-container-content-cc4259ba\"><\/div>\n\n\n\n<h2 class=\"wp-block-heading has-text-align-center has-text-color has-link-color has-large-font-size wp-elements-c708bf13bef58aca174c7ee746f54f0c\" style=\"color:#212e25\">Dary<\/h2>\n\n\n\n<figure class=\"wp-block-image aligncenter size-full is-resized\"><img loading=\"lazy\" decoding=\"async\" width=\"901\" height=\"78\" src=\"https:\/\/svatbabudetakdoraz.cz\/wp-content\/uploads\/2026\/03\/01-1.png\" alt=\"\" class=\"wp-image-246\" style=\"aspect-ratio:11.551867219917012;object-fit:cover;width:150px\" srcset=\"https:\/\/svatbabudetakdoraz.cz\/wp-content\/uploads\/2026\/03\/01-1.png 901w, https:\/\/svatbabudetakdoraz.cz\/wp-content\/uploads\/2026\/03\/01-1-300x26.png 300w, https:\/\/svatbabudetakdoraz.cz\/wp-content\/uploads\/2026\/03\/01-1-768x66.png 768w\" sizes=\"auto, (max-width: 901px) 100vw, 901px\" \/><\/figure>\n<\/div>\n<\/div>\n\n\n\n\n\n<p>Preferujeme dary v podob\u011b pen\u011b\u017en\u00edch p\u0159\u00edsp\u011bvk\u016f. Ov\u0161em jestli m\u00e1te rad\u0161i osobn\u011bj\u0161\u00ed d\u00e1rky, m\u016f\u017eete si vybrat jeden z dar\u016f n\u00ed\u017ee ve formul\u00e1\u0159i. Bu\u010fte ale rychl\u00ed! Polo\u017eky je mo\u017en\u00e9 vybrat pouze jednou. Pokud tedy vid\u00edte pouze mo\u017enost &#8222;preferuji pen\u011b\u017en\u00ed dar&#8220;, znamen\u00e1 to, \u017ee v\u0161echny dary u\u017e si rozebrali ostatn\u00ed svateb\u010dan\u00e9.<br><\/p>\n\n\n\n<div class=\"wp-block-group is-vertical is-content-justification-center is-layout-flex wp-container-core-group-is-layout-4fe3b13b wp-block-group-is-layout-flex\" style=\"min-height:0px\">\n<div class=\"wp-block-group is-vertical is-content-justification-center is-layout-flex wp-container-core-group-is-layout-60bcdb28 wp-block-group-is-layout-flex\" style=\"min-height:0px;padding-top:var(--wp--preset--spacing--40);padding-bottom:var(--wp--preset--spacing--40)\">\n<div style=\"height:12px\" aria-hidden=\"true\" class=\"wp-block-spacer wp-container-content-cc4259ba\"><\/div>\n\n\n\n<h2 class=\"wp-block-heading has-text-align-center has-text-color has-link-color has-large-font-size wp-elements-6d0f6d0440aae68f487b38fb3e5b8d5a\" style=\"color:#212e25\">Doraz\u00edte? Dejte n\u00e1m to v\u011bd\u011bt<\/h2>\n\n\n\n<figure class=\"wp-block-image aligncenter size-full is-resized\"><img loading=\"lazy\" decoding=\"async\" width=\"901\" height=\"78\" src=\"https:\/\/svatbabudetakdoraz.cz\/wp-content\/uploads\/2026\/03\/01-1.png\" alt=\"\" class=\"wp-image-246\" style=\"aspect-ratio:11.551867219917012;object-fit:cover;width:150px\" srcset=\"https:\/\/svatbabudetakdoraz.cz\/wp-content\/uploads\/2026\/03\/01-1.png 901w, https:\/\/svatbabudetakdoraz.cz\/wp-content\/uploads\/2026\/03\/01-1-300x26.png 300w, https:\/\/svatbabudetakdoraz.cz\/wp-content\/uploads\/2026\/03\/01-1-768x66.png 768w\" sizes=\"auto, (max-width: 901px) 100vw, 901px\" \/><\/figure>\n<\/div>\n<\/div>\n\n\n\n<div class=\"forminator-ui forminator-custom-form forminator-custom-form-341 forminator-design--default  forminator_ajax\" data-forminator-render=\"0\" data-form=\"forminator-module-341\" data-uid=\"6a03294f002b6\"><br\/><\/div><form\n\t\t\t\tid=\"forminator-module-341\"\n\t\t\t\tclass=\"forminator-ui forminator-custom-form forminator-custom-form-341 forminator-design--default  forminator_ajax\"\n\t\t\t\tmethod=\"post\"\n\t\t\t\tdata-forminator-render=\"0\"\n\t\t\t\tdata-form-id=\"341\"\n\t\t\t\t data-color-option=\"theme\" data-design=\"default\" data-grid=\"open\" style=\"display: none;\"\n\t\t\t\tdata-uid=\"6a03294f002b6\"\n\t\t\t><div role=\"alert\" aria-live=\"polite\" class=\"forminator-response-message forminator-error\" aria-hidden=\"true\"><\/div><div class=\"forminator-row\"><div id=\"name-1\" class=\"forminator-field-name forminator-col forminator-col-12 \"><div class=\"forminator-field\"><label for=\"forminator-field-name-1_6a03294f002b6\" id=\"forminator-field-name-1_6a03294f002b6-label\" class=\"forminator-label\">Jm\u00e9no a p\u0159\u00edjmen\u00ed <span class=\"forminator-required\">*<\/span><\/label><input type=\"text\" name=\"name-1\" value=\"\" placeholder=\"\" id=\"forminator-field-name-1_6a03294f002b6\" class=\"forminator-input forminator-name--field\" aria-required=\"true\" autocomplete=\"name\" \/><\/div><\/div><\/div><div class=\"forminator-row\"><div id=\"email-1\" class=\"forminator-field-email forminator-col forminator-col-12 \"><div class=\"forminator-field\"><label for=\"forminator-field-email-1_6a03294f002b6\" id=\"forminator-field-email-1_6a03294f002b6-label\" class=\"forminator-label\">Emailov\u00e1 adresa <span class=\"forminator-required\">*<\/span><\/label><input type=\"email\" name=\"email-1\" value=\"\" placeholder=\"\" id=\"forminator-field-email-1_6a03294f002b6\" class=\"forminator-input forminator-email--field\" data-required=\"true\" aria-required=\"true\" autocomplete=\"email\" \/><\/div><\/div><\/div><div class=\"forminator-row\"><div id=\"select-2\" class=\"forminator-field-select forminator-col forminator-col-12 \"><div class=\"forminator-field\"><label for=\"forminator-form-341__field--select-2_6a03294f002b6\" id=\"forminator-form-341__field--select-2_6a03294f002b6-label\" class=\"forminator-label\">Doraz\u00edte? <span class=\"forminator-required\">*<\/span><\/label><select  id=\"forminator-form-341__field--select-2_6a03294f002b6\" class=\"forminator-select--field forminator-select2 forminator-select2-multiple\" data-required=\"1\" name=\"select-2\" data-default-value=\"\" data-hidden-behavior=\"zero\" data-placeholder=\"-\" data-search=\"false\" data-search-placeholder=\"-\" data-checkbox=\"false\" data-allow-clear=\"false\" aria-labelledby=\"forminator-form-341__field--select-2_6a03294f002b6-label\"><option value=\"\"  >-<\/option><option value=\"one\"  data-calculation=\"0\">Ano<\/option><option value=\"two\"  data-calculation=\"0\">Ne<\/option><\/select><\/div><\/div><\/div><div class=\"forminator-row\"><div id=\"select-3\" class=\"forminator-field-select forminator-col forminator-col-12 \"><div class=\"forminator-field\"><label for=\"forminator-form-341__field--select-3_6a03294f002b6\" id=\"forminator-form-341__field--select-3_6a03294f002b6-label\" class=\"forminator-label\">Vybrat d\u00e1rek <span class=\"forminator-required\">*<\/span><\/label><select  id=\"forminator-form-341__field--select-3_6a03294f002b6\" class=\"forminator-select--field forminator-select2 forminator-select2-multiple\" data-required=\"1\" name=\"select-3\" data-default-value=\"\" data-hidden-behavior=\"zero\" data-placeholder=\"-\" data-search=\"false\" data-search-placeholder=\"-\" data-checkbox=\"false\" data-allow-clear=\"false\" aria-labelledby=\"forminator-form-341__field--select-3_6a03294f002b6-label\"><option value=\"\"  >-<\/option><option value=\"Preferuji-pen\u011b\u017en\u00ed-dar\"  data-calculation=\"0\">Preferuji pen\u011b\u017en\u00ed dar<\/option><\/select><\/div><\/div><\/div><input type=\"hidden\" name=\"referer_url\" value=\"\" \/><div class=\"forminator-row forminator-row-last\"><div class=\"forminator-col\"><div class=\"forminator-field\"><button class=\"forminator-button forminator-button-submit\">Odeslat formul&aacute;\u0159<\/button><\/div><\/div><\/div><input type=\"hidden\" id=\"forminator_nonce\" name=\"forminator_nonce\" value=\"47cc251570\" \/><input type=\"hidden\" name=\"_wp_http_referer\" value=\"\/index.php?rest_route=%2Fwp%2Fv2%2Fpages%2F2\" \/><input type=\"hidden\" name=\"form_id\" value=\"341\"><input type=\"hidden\" name=\"page_id\" value=\"2\"><input type=\"hidden\" name=\"form_type\" value=\"default\"><input type=\"hidden\" name=\"current_url\" value=\"https:\/\/svatbabudetakdoraz.cz\/\"><input type=\"hidden\" name=\"render_id\" value=\"0\"><input type=\"hidden\" name=\"action\" value=\"forminator_submit_form_custom-forms\"><label for=\"input_5\" class=\"forminator-hidden\" aria-hidden=\"true\">Toto pole pros\u00edm nevypl\u0148ujte. <input id=\"input_5\" type=\"text\" name=\"input_5\" value=\"\" autocomplete=\"off\"><\/label><\/form>\n\n\n\n<div style=\"height:30px\" aria-hidden=\"true\" class=\"wp-block-spacer\"><\/div>\n\n\n\n<div class=\"wp-block-cover alignfull\" style=\"border-top-color:#ba905e;border-top-width:0.8vh;min-height:100vh;aspect-ratio:unset;\"><img loading=\"lazy\" decoding=\"async\" width=\"1920\" height=\"1282\" class=\"wp-block-cover__image-background wp-image-233 size-full\" alt=\"\" src=\"https:\/\/svatbabudetakdoraz.cz\/wp-content\/uploads\/2026\/03\/uf-1.jpeg\" style=\"object-position:51% 19%\" data-object-fit=\"cover\" data-object-position=\"51% 19%\" srcset=\"https:\/\/svatbabudetakdoraz.cz\/wp-content\/uploads\/2026\/03\/uf-1.jpeg 1920w, https:\/\/svatbabudetakdoraz.cz\/wp-content\/uploads\/2026\/03\/uf-1-300x200.jpeg 300w, https:\/\/svatbabudetakdoraz.cz\/wp-content\/uploads\/2026\/03\/uf-1-1024x684.jpeg 1024w, https:\/\/svatbabudetakdoraz.cz\/wp-content\/uploads\/2026\/03\/uf-1-768x513.jpeg 768w, https:\/\/svatbabudetakdoraz.cz\/wp-content\/uploads\/2026\/03\/uf-1-1536x1026.jpeg 1536w\" sizes=\"auto, (max-width: 1920px) 100vw, 1920px\" \/><span aria-hidden=\"true\" class=\"wp-block-cover__background has-background-dim-60 has-background-dim\" style=\"background-color:#2e2e24\"><\/span><div class=\"wp-block-cover__inner-container is-layout-flow wp-block-cover-is-layout-flow\">\n<p class=\"has-text-align-center has-large-font-size\"><\/p>\n<\/div><\/div>\n","protected":false},"excerpt":{"rendered":"<p>Program 12:30&nbsp;&#8211;&nbsp;13:30 P\u0159\u00edjezd 14:00&nbsp;&#8211;&nbsp;15:00 Ob\u0159ad 15:00 &#8211; 15:45 Focen\u00ed 16:00 &#8211; 17:30 P\u0159\u00edpitek a pol\u00e9vka + zah\u00e1jen\u00ed rautu 17:30 Nakrojen\u00ed dortu 18:00 Prvn\u00ed tanec 18:30 &#8211; 19:00 Hudba a tanec 19:00 Hry od sv\u011bdk\u016f Afterparty Doprava Parkovac\u00ed m\u00edsta jsou p\u0159\u00edmo u farmy, ale popros\u00edme, abyste kdy\u017etak dojeli s co nejm\u00e9n\u011b auty. Pro plze\u0148sk\u00e9 jsou k [&hellip;]<\/p>\n","protected":false},"author":1,"featured_media":0,"parent":0,"menu_order":0,"comment_status":"closed","ping_status":"open","template":"","meta":{"footnotes":""},"class_list":["post-2","page","type-page","status-publish","hentry"],"blocksy_meta":[],"_links":{"self":[{"href":"https:\/\/svatbabudetakdoraz.cz\/index.php?rest_route=\/wp\/v2\/pages\/2","targetHints":{"allow":["GET"]}}],"collection":[{"href":"https:\/\/svatbabudetakdoraz.cz\/index.php?rest_route=\/wp\/v2\/pages"}],"about":[{"href":"https:\/\/svatbabudetakdoraz.cz\/index.php?rest_route=\/wp\/v2\/types\/page"}],"author":[{"embeddable":true,"href":"https:\/\/svatbabudetakdoraz.cz\/index.php?rest_route=\/wp\/v2\/users\/1"}],"replies":[{"embeddable":true,"href":"https:\/\/svatbabudetakdoraz.cz\/index.php?rest_route=%2Fwp%2Fv2%2Fcomments&post=2"}],"version-history":[{"count":199,"href":"https:\/\/svatbabudetakdoraz.cz\/index.php?rest_route=\/wp\/v2\/pages\/2\/revisions"}],"predecessor-version":[{"id":342,"href":"https:\/\/svatbabudetakdoraz.cz\/index.php?rest_route=\/wp\/v2\/pages\/2\/revisions\/342"}],"wp:attachment":[{"href":"https:\/\/svatbabudetakdoraz.cz\/index.php?rest_route=%2Fwp%2Fv2%2Fmedia&parent=2"}],"curies":[{"name":"wp","href":"https:\/\/api.w.org\/{rel}","templated":true}]}}